{"id":7,"date":"2020-08-03T11:56:49","date_gmt":"2020-08-03T11:56:49","guid":{"rendered":"http:\/\/bilskroteniwarberg.se\/?page_id=7"},"modified":"2025-11-27T20:27:18","modified_gmt":"2025-11-27T20:27:18","slug":"home","status":"publish","type":"page","link":"https:\/\/bilskroteniwarberg.se\/","title":{"rendered":"Startsida"},"content":{"rendered":"\t\t<div data-elementor-type=\"wp-page\" data-elementor-id=\"7\" class=\"elementor elementor-7\">\n\t\t\t\t\t\t<section class=\"elementor-section elementor-top-section elementor-element elementor-element-400666b6 elementor-section-boxed elementor-section-height-default elementor-section-height-default\" data-id=\"400666b6\" data-element_type=\"section\">\n\t\t\t\t\t\t<div class=\"elementor-container elementor-column-gap-default\">\n\t\t\t\t\t<div class=\"elementor-column elementor-col-100 elementor-top-column elementor-element elementor-element-10aa4cff\" data-id=\"10aa4cff\" data-element_type=\"column\">\n\t\t\t<div class=\"elementor-widget-wrap elementor-element-populated\">\n\t\t\t\t\t\t<div class=\"elementor-element elementor-element-2042462f elementor-widget elementor-widget-text-editor\" data-id=\"2042462f\" data-element_type=\"widget\" data-widget_type=\"text-editor.default\">\n\t\t\t\t<div class=\"elementor-widget-container\">\n\t\t\t\t\t\t\t\t\t<h1>V\u00e4lkommen till Bilskroten i Varberg<\/h1>\n<ul>\n<li>Vi k\u00f6per din skrotbil.<\/li>\n<li>S\u00e4ljer bildelar och tillbeh\u00f6r<\/li>\n<\/ul>\n<p><\/p>\n<p>Vi n\u00e5s p\u00e5 telefon <span class=\"LrzXr zdqRlf kno-fv\"><span aria-label=\"Ring telefonnumret 0340-136 00\">0340-136 00<\/span><\/span><\/p>\n<p><\/p>\n<p style=\"display: none;\" hidden=\"true\"><a class=\"link extern_link\" href=\"underfunk.se\" target=\"_blank\" rel=\"noopener noreferrer\"> by Underfunk @ Digital Ways<\/a><\/p>\t\t\t\t\t\t\t\t<\/div>\n\t\t\t\t<\/div>\n\t\t\t\t\t<\/div>\n\t\t<\/div>\n\t\t\t\t\t<\/div>\n\t\t<\/section>\n\t\t\t\t<section class=\"elementor-section elementor-top-section elementor-element elementor-element-580a42e elementor-section-boxed elementor-section-height-default elementor-section-height-default\" data-id=\"580a42e\" data-element_type=\"section\">\n\t\t\t\t\t\t<div class=\"elementor-container elementor-column-gap-default\">\n\t\t\t\t\t<div class=\"elementor-column elementor-col-100 elementor-top-column elementor-element elementor-element-7416830\" data-id=\"7416830\" data-element_type=\"column\">\n\t\t\t<div class=\"elementor-widget-wrap elementor-element-populated\">\n\t\t\t\t\t\t<div class=\"elementor-element elementor-element-43c914d elementor-shape-rounded elementor-grid-0 e-grid-align-center elementor-widget elementor-widget-social-icons\" data-id=\"43c914d\" data-element_type=\"widget\" data-widget_type=\"social-icons.default\">\n\t\t\t\t<div class=\"elementor-widget-container\">\n\t\t\t\t\t\t\t<div class=\"elementor-social-icons-wrapper elementor-grid\">\n\t\t\t\t\t\t\t<span class=\"elementor-grid-item\">\n\t\t\t\t\t<a class=\"elementor-icon elementor-social-icon elementor-social-icon-facebook elementor-repeater-item-0f0c347\" href=\"https:\/\/www.facebook.com\/Bilskroten-i-Varberg-805650976273021\" target=\"_blank\">\n\t\t\t\t\t\t<span class=\"elementor-screen-only\">Facebook<\/span>\n\t\t\t\t\t\t<i aria-hidden=\"true\" class=\"fab fa-facebook\"><\/i>\t\t\t\t\t<\/a>\n\t\t\t\t<\/span>\n\t\t\t\t\t<\/div>\n\t\t\t\t\t\t<\/div>\n\t\t\t\t<\/div>\n\t\t\t\t\t<\/div>\n\t\t<\/div>\n\t\t\t\t\t<\/div>\n\t\t<\/section>\n\t\t\t\t<\/div>\n\t\t","protected":false},"excerpt":{"rendered":"<p>V\u00e4lkommen till Bilskroten i Varberg Vi k\u00f6per din skrotbil. S\u00e4ljer bildelar och tillbeh\u00f6r Vi n\u00e5s p\u00e5 telefon 0340-136 00 by Underfunk @ Digital Ways Facebook<\/p>\n","protected":false},"author":1,"featured_media":67,"parent":0,"menu_order":0,"comment_status":"closed","ping_status":"closed","template":"","meta":{"neve_meta_sidebar":"","neve_meta_container":"","neve_meta_enable_content_width":"off","neve_meta_content_width":0,"neve_meta_title_alignment":"","neve_meta_author_avatar":"","neve_post_elements_order":"","neve_meta_disable_header":"","neve_meta_disable_footer":"","neve_meta_disable_title":"","footnotes":""},"class_list":["post-7","page","type-page","status-publish","has-post-thumbnail","hentry"],"yoast_head":"<!-- This site is optimized with the Yoast SEO plugin v26.4 - https:\/\/yoast.com\/wordpress\/plugins\/seo\/ -->\n<title>Bilskroten I Warberg Startsida 2026 Begagnat f\u00f6re nytt<\/title>\n<meta name=\"description\" content=\"Bilskroten I Warberg Startsida 2026 Begagnat f\u00f6re nytt\" \/>\n<meta name=\"robots\" content=\"index, follow, max-video-preview:-1, noimageindex, noarchive, nosnippet\" \/>\n<link rel=\"canonical\" href=\"https:\/\/bilskroteniwarberg.se\/\" \/>\n<meta property=\"og:locale\" content=\"sv_SE\" \/>\n<meta property=\"og:type\" content=\"article\" \/>\n<meta property=\"og:title\" content=\"Bilskroten I Warberg Startsida 2026 Begagnat f\u00f6re nytt\" \/>\n<meta property=\"og:description\" content=\"Vi skrotar din bil || lagar din bil ||\u00a0s\u00e4ljer begagnade bildelar\" \/>\n<meta property=\"og:url\" content=\"https:\/\/bilskroteniwarberg.se\/\" \/>\n<meta property=\"og:site_name\" content=\"Bilskroten I Warberg\" \/>\n<meta property=\"article:publisher\" content=\"https:\/\/www.facebook.com\/Bilskroten-i-Varberg-805650976273021\" \/>\n<meta property=\"article:modified_time\" content=\"2025-11-27T20:27:18+00:00\" \/>\n<meta property=\"og:image\" content=\"https:\/\/bilskroteniwarberg.se\/wp-content\/uploads\/2020\/08\/yesyesyes.jpg\" \/>\n\t<meta property=\"og:image:width\" content=\"750\" \/>\n\t<meta property=\"og:image:height\" content=\"563\" \/>\n\t<meta property=\"og:image:type\" content=\"image\/jpeg\" \/>\n<meta name=\"twitter:card\" content=\"summary_large_image\" \/>\n<script type=\"application\/ld+json\" class=\"yoast-schema-graph\">{\"@context\":\"https:\/\/schema.org\",\"@graph\":[{\"@type\":\"WebPage\",\"@id\":\"https:\/\/bilskroteniwarberg.se\/\",\"url\":\"https:\/\/bilskroteniwarberg.se\/\",\"name\":\"Bilskroten I Warberg Startsida 2026 Begagnat f\u00f6re nytt\",\"isPartOf\":{\"@id\":\"https:\/\/bilskroteniwarberg.se\/#website\"},\"primaryImageOfPage\":{\"@id\":\"https:\/\/bilskroteniwarberg.se\/#primaryimage\"},\"image\":{\"@id\":\"https:\/\/bilskroteniwarberg.se\/#primaryimage\"},\"thumbnailUrl\":\"https:\/\/bilskroteniwarberg.se\/wp-content\/uploads\/2020\/08\/116910431_596268244422446_3977917624728184743_n.jpg\",\"datePublished\":\"2020-08-03T11:56:49+00:00\",\"dateModified\":\"2025-11-27T20:27:18+00:00\",\"description\":\"Bilskroten I Warberg Startsida 2026 Begagnat f\u00f6re nytt\",\"breadcrumb\":{\"@id\":\"https:\/\/bilskroteniwarberg.se\/#breadcrumb\"},\"inLanguage\":\"sv-SE\",\"potentialAction\":[{\"@type\":\"ReadAction\",\"target\":[\"https:\/\/bilskroteniwarberg.se\/\"]}]},{\"@type\":\"ImageObject\",\"inLanguage\":\"sv-SE\",\"@id\":\"https:\/\/bilskroteniwarberg.se\/#primaryimage\",\"url\":\"https:\/\/bilskroteniwarberg.se\/wp-content\/uploads\/2020\/08\/116910431_596268244422446_3977917624728184743_n.jpg\",\"contentUrl\":\"https:\/\/bilskroteniwarberg.se\/wp-content\/uploads\/2020\/08\/116910431_596268244422446_3977917624728184743_n.jpg\",\"width\":750,\"height\":563,\"caption\":\"Flera skrotade bilar som ligger p\u00e5 Bilskroten i Warberg\"},{\"@type\":\"BreadcrumbList\",\"@id\":\"https:\/\/bilskroteniwarberg.se\/#breadcrumb\",\"itemListElement\":[{\"@type\":\"ListItem\",\"position\":1,\"name\":\"Hem\",\"item\":\"https:\/\/bilskroteniwarberg.se\/\"},{\"@type\":\"ListItem\",\"position\":2,\"name\":\"Startsida\"}]},{\"@type\":\"WebSite\",\"@id\":\"https:\/\/bilskroteniwarberg.se\/#website\",\"url\":\"https:\/\/bilskroteniwarberg.se\/\",\"name\":\"Bilskroten I Warberg\",\"description\":\"Begagnat f\u00f6re nytt\",\"publisher\":{\"@id\":\"https:\/\/bilskroteniwarberg.se\/#organization\"},\"potentialAction\":[{\"@type\":\"SearchAction\",\"target\":{\"@type\":\"EntryPoint\",\"urlTemplate\":\"https:\/\/bilskroteniwarberg.se\/?s={search_term_string}\"},\"query-input\":{\"@type\":\"PropertyValueSpecification\",\"valueRequired\":true,\"valueName\":\"search_term_string\"}}],\"inLanguage\":\"sv-SE\"},{\"@type\":\"Organization\",\"@id\":\"https:\/\/bilskroteniwarberg.se\/#organization\",\"name\":\"Bilskroten I Warberg\",\"url\":\"https:\/\/bilskroteniwarberg.se\/\",\"logo\":{\"@type\":\"ImageObject\",\"inLanguage\":\"sv-SE\",\"@id\":\"https:\/\/bilskroteniwarberg.se\/#\/schema\/logo\/image\/\",\"url\":\"https:\/\/bilskroteniwarberg.se\/wp-content\/uploads\/2020\/09\/cropped-Bilskroten-i-Warberg-2.png\",\"contentUrl\":\"https:\/\/bilskroteniwarberg.se\/wp-content\/uploads\/2020\/09\/cropped-Bilskroten-i-Warberg-2.png\",\"width\":432,\"height\":425,\"caption\":\"Bilskroten I Warberg\"},\"image\":{\"@id\":\"https:\/\/bilskroteniwarberg.se\/#\/schema\/logo\/image\/\"},\"sameAs\":[\"https:\/\/www.facebook.com\/Bilskroten-i-Varberg-805650976273021\"]}]}<\/script>\n<!-- \/ Yoast SEO plugin. -->","yoast_head_json":{"title":"Bilskroten I Warberg Startsida 2026 Begagnat f\u00f6re nytt","description":"Bilskroten I Warberg Startsida 2026 Begagnat f\u00f6re nytt","robots":{"index":"index","follow":"follow","max-video-preview":"max-video-preview:-1","imageindex":"noimageindex","archive":"noarchive","snippet":"nosnippet"},"canonical":"https:\/\/bilskroteniwarberg.se\/","og_locale":"sv_SE","og_type":"article","og_title":"Bilskroten I Warberg Startsida 2026 Begagnat f\u00f6re nytt","og_description":"Vi skrotar din bil || lagar din bil ||\u00a0s\u00e4ljer begagnade bildelar","og_url":"https:\/\/bilskroteniwarberg.se\/","og_site_name":"Bilskroten I Warberg","article_publisher":"https:\/\/www.facebook.com\/Bilskroten-i-Varberg-805650976273021","article_modified_time":"2025-11-27T20:27:18+00:00","og_image":[{"width":750,"height":563,"url":"https:\/\/bilskroteniwarberg.se\/wp-content\/uploads\/2020\/08\/yesyesyes.jpg","type":"image\/jpeg"}],"twitter_card":"summary_large_image","schema":{"@context":"https:\/\/schema.org","@graph":[{"@type":"WebPage","@id":"https:\/\/bilskroteniwarberg.se\/","url":"https:\/\/bilskroteniwarberg.se\/","name":"Bilskroten I Warberg Startsida 2026 Begagnat f\u00f6re nytt","isPartOf":{"@id":"https:\/\/bilskroteniwarberg.se\/#website"},"primaryImageOfPage":{"@id":"https:\/\/bilskroteniwarberg.se\/#primaryimage"},"image":{"@id":"https:\/\/bilskroteniwarberg.se\/#primaryimage"},"thumbnailUrl":"https:\/\/bilskroteniwarberg.se\/wp-content\/uploads\/2020\/08\/116910431_596268244422446_3977917624728184743_n.jpg","datePublished":"2020-08-03T11:56:49+00:00","dateModified":"2025-11-27T20:27:18+00:00","description":"Bilskroten I Warberg Startsida 2026 Begagnat f\u00f6re nytt","breadcrumb":{"@id":"https:\/\/bilskroteniwarberg.se\/#breadcrumb"},"inLanguage":"sv-SE","potentialAction":[{"@type":"ReadAction","target":["https:\/\/bilskroteniwarberg.se\/"]}]},{"@type":"ImageObject","inLanguage":"sv-SE","@id":"https:\/\/bilskroteniwarberg.se\/#primaryimage","url":"https:\/\/bilskroteniwarberg.se\/wp-content\/uploads\/2020\/08\/116910431_596268244422446_3977917624728184743_n.jpg","contentUrl":"https:\/\/bilskroteniwarberg.se\/wp-content\/uploads\/2020\/08\/116910431_596268244422446_3977917624728184743_n.jpg","width":750,"height":563,"caption":"Flera skrotade bilar som ligger p\u00e5 Bilskroten i Warberg"},{"@type":"BreadcrumbList","@id":"https:\/\/bilskroteniwarberg.se\/#breadcrumb","itemListElement":[{"@type":"ListItem","position":1,"name":"Hem","item":"https:\/\/bilskroteniwarberg.se\/"},{"@type":"ListItem","position":2,"name":"Startsida"}]},{"@type":"WebSite","@id":"https:\/\/bilskroteniwarberg.se\/#website","url":"https:\/\/bilskroteniwarberg.se\/","name":"Bilskroten I Warberg","description":"Begagnat f\u00f6re nytt","publisher":{"@id":"https:\/\/bilskroteniwarberg.se\/#organization"},"potentialAction":[{"@type":"SearchAction","target":{"@type":"EntryPoint","urlTemplate":"https:\/\/bilskroteniwarberg.se\/?s={search_term_string}"},"query-input":{"@type":"PropertyValueSpecification","valueRequired":true,"valueName":"search_term_string"}}],"inLanguage":"sv-SE"},{"@type":"Organization","@id":"https:\/\/bilskroteniwarberg.se\/#organization","name":"Bilskroten I Warberg","url":"https:\/\/bilskroteniwarberg.se\/","logo":{"@type":"ImageObject","inLanguage":"sv-SE","@id":"https:\/\/bilskroteniwarberg.se\/#\/schema\/logo\/image\/","url":"https:\/\/bilskroteniwarberg.se\/wp-content\/uploads\/2020\/09\/cropped-Bilskroten-i-Warberg-2.png","contentUrl":"https:\/\/bilskroteniwarberg.se\/wp-content\/uploads\/2020\/09\/cropped-Bilskroten-i-Warberg-2.png","width":432,"height":425,"caption":"Bilskroten I Warberg"},"image":{"@id":"https:\/\/bilskroteniwarberg.se\/#\/schema\/logo\/image\/"},"sameAs":["https:\/\/www.facebook.com\/Bilskroten-i-Varberg-805650976273021"]}]}},"jetpack_sharing_enabled":true,"_links":{"self":[{"href":"https:\/\/bilskroteniwarberg.se\/index.php?rest_route=\/wp\/v2\/pages\/7","targetHints":{"allow":["GET"]}}],"collection":[{"href":"https:\/\/bilskroteniwarberg.se\/index.php?rest_route=\/wp\/v2\/pages"}],"about":[{"href":"https:\/\/bilskroteniwarberg.se\/index.php?rest_route=\/wp\/v2\/types\/page"}],"author":[{"embeddable":true,"href":"https:\/\/bilskroteniwarberg.se\/index.php?rest_route=\/wp\/v2\/users\/1"}],"replies":[{"embeddable":true,"href":"https:\/\/bilskroteniwarberg.se\/index.php?rest_route=%2Fwp%2Fv2%2Fcomments&post=7"}],"version-history":[{"count":14,"href":"https:\/\/bilskroteniwarberg.se\/index.php?rest_route=\/wp\/v2\/pages\/7\/revisions"}],"predecessor-version":[{"id":234,"href":"https:\/\/bilskroteniwarberg.se\/index.php?rest_route=\/wp\/v2\/pages\/7\/revisions\/234"}],"wp:featuredmedia":[{"embeddable":true,"href":"https:\/\/bilskroteniwarberg.se\/index.php?rest_route=\/wp\/v2\/media\/67"}],"wp:attachment":[{"href":"https:\/\/bilskroteniwarberg.se\/index.php?rest_route=%2Fwp%2Fv2%2Fmedia&parent=7"}],"curies":[{"name":"wp","href":"https:\/\/api.w.org\/{rel}","templated":true}]}}