{"id":107,"date":"2020-08-03T17:41:54","date_gmt":"2020-08-03T17:41:54","guid":{"rendered":"http:\/\/bilskroteniwarberg.se\/?page_id=107"},"modified":"2020-09-15T20:59:04","modified_gmt":"2020-09-15T20:59:04","slug":"garantier","status":"publish","type":"page","link":"https:\/\/bilskroteniwarberg.se\/?page_id=107","title":{"rendered":"Garantier"},"content":{"rendered":"\t\t<div data-elementor-type=\"wp-page\" data-elementor-id=\"107\" class=\"elementor elementor-107\">\n\t\t\t\t\t\t<section class=\"elementor-section elementor-top-section elementor-element elementor-element-238ba546 elementor-section-boxed elementor-section-height-default elementor-section-height-default\" data-id=\"238ba546\" data-element_type=\"section\">\n\t\t\t\t\t\t<div class=\"elementor-container elementor-column-gap-default\">\n\t\t\t\t\t<div class=\"elementor-column elementor-col-100 elementor-top-column elementor-element elementor-element-51fbaa08\" data-id=\"51fbaa08\" data-element_type=\"column\">\n\t\t\t<div class=\"elementor-widget-wrap elementor-element-populated\">\n\t\t\t\t\t\t<div class=\"elementor-element elementor-element-3f2b940f elementor-widget elementor-widget-text-editor\" data-id=\"3f2b940f\" data-element_type=\"widget\" data-widget_type=\"text-editor.default\">\n\t\t\t\t<div class=\"elementor-widget-container\">\n\t\t\t\t\t\t\t\t\t<p><\/p>\n<p class=\"has-text-align-center\">7 dagars \u00f6ppet k\u00f6p &amp; 3 m\u00e5naders garanti<\/p>\t\t\t\t\t\t\t\t<\/div>\n\t\t\t\t<\/div>\n\t\t\t\t\t<\/div>\n\t\t<\/div>\n\t\t\t\t\t<\/div>\n\t\t<\/section>\n\t\t\t\t<section class=\"elementor-section elementor-top-section elementor-element elementor-element-6bf4f2e elementor-section-boxed elementor-section-height-default elementor-section-height-default\" data-id=\"6bf4f2e\" data-element_type=\"section\">\n\t\t\t\t\t\t<div class=\"elementor-container elementor-column-gap-default\">\n\t\t\t\t\t<div class=\"elementor-column elementor-col-33 elementor-top-column elementor-element elementor-element-0b7507c\" data-id=\"0b7507c\" data-element_type=\"column\">\n\t\t\t<div class=\"elementor-widget-wrap elementor-element-populated\">\n\t\t\t\t\t\t<div class=\"elementor-element elementor-element-b5d3c16 elementor-view-framed elementor-shape-square elementor-widget elementor-widget-icon\" data-id=\"b5d3c16\" data-element_type=\"widget\" data-widget_type=\"icon.default\">\n\t\t\t\t<div class=\"elementor-widget-container\">\n\t\t\t\t\t\t\t<div class=\"elementor-icon-wrapper\">\n\t\t\t<div class=\"elementor-icon\">\n\t\t\t<i aria-hidden=\"true\" class=\"fas fa-cash-register\"><\/i>\t\t\t<\/div>\n\t\t<\/div>\n\t\t\t\t\t\t<\/div>\n\t\t\t\t<\/div>\n\t\t\t\t\t<\/div>\n\t\t<\/div>\n\t\t\t\t<div class=\"elementor-column elementor-col-33 elementor-top-column elementor-element elementor-element-82dd135\" data-id=\"82dd135\" data-element_type=\"column\">\n\t\t\t<div class=\"elementor-widget-wrap elementor-element-populated\">\n\t\t\t\t\t\t<div class=\"elementor-element elementor-element-87fff01 elementor-view-framed elementor-shape-square elementor-widget elementor-widget-icon\" data-id=\"87fff01\" data-element_type=\"widget\" data-widget_type=\"icon.default\">\n\t\t\t\t<div class=\"elementor-widget-container\">\n\t\t\t\t\t\t\t<div class=\"elementor-icon-wrapper\">\n\t\t\t<div class=\"elementor-icon\">\n\t\t\t<i aria-hidden=\"true\" class=\"fab fa-cc-visa\"><\/i>\t\t\t<\/div>\n\t\t<\/div>\n\t\t\t\t\t\t<\/div>\n\t\t\t\t<\/div>\n\t\t\t\t\t<\/div>\n\t\t<\/div>\n\t\t\t\t<div class=\"elementor-column elementor-col-33 elementor-top-column elementor-element elementor-element-851e001\" data-id=\"851e001\" data-element_type=\"column\">\n\t\t\t<div class=\"elementor-widget-wrap elementor-element-populated\">\n\t\t\t\t\t\t<div class=\"elementor-element elementor-element-1db8510 elementor-view-framed elementor-shape-square elementor-widget elementor-widget-icon\" data-id=\"1db8510\" data-element_type=\"widget\" data-widget_type=\"icon.default\">\n\t\t\t\t<div class=\"elementor-widget-container\">\n\t\t\t\t\t\t\t<div class=\"elementor-icon-wrapper\">\n\t\t\t<a class=\"elementor-icon\" href=\"https:\/\/swish.nu\" target=\"_blank\" name=\"\">\n\t\t\t<i aria-hidden=\"true\" class=\"fab fa-opera\"><\/i>\t\t\t<\/a>\n\t\t<\/div>\n\t\t\t\t\t\t<\/div>\n\t\t\t\t<\/div>\n\t\t\t\t\t<\/div>\n\t\t<\/div>\n\t\t\t\t\t<\/div>\n\t\t<\/section>\n\t\t\t\t<section class=\"elementor-section elementor-top-section elementor-element elementor-element-81943d8 elementor-section-boxed elementor-section-height-default elementor-section-height-default\" data-id=\"81943d8\" data-element_type=\"section\">\n\t\t\t\t\t\t<div class=\"elementor-container elementor-column-gap-default\">\n\t\t\t\t\t<div class=\"elementor-column elementor-col-100 elementor-top-column elementor-element elementor-element-b9669fa\" data-id=\"b9669fa\" data-element_type=\"column\">\n\t\t\t<div class=\"elementor-widget-wrap elementor-element-populated\">\n\t\t\t\t\t\t<div class=\"elementor-element elementor-element-cc65b82 elementor-shape-rounded elementor-grid-0 e-grid-align-center elementor-widget elementor-widget-social-icons\" data-id=\"cc65b82\" data-element_type=\"widget\" data-widget_type=\"social-icons.default\">\n\t\t\t\t<div class=\"elementor-widget-container\">\n\t\t\t\t\t\t\t<div class=\"elementor-social-icons-wrapper elementor-grid\">\n\t\t\t\t\t\t\t<span class=\"elementor-grid-item\">\n\t\t\t\t\t<a class=\"elementor-icon elementor-social-icon elementor-social-icon-facebook elementor-repeater-item-8dca084\" href=\"https:\/\/www.facebook.com\/Bilskroten-i-Varberg-805650976273021\" target=\"_blank\">\n\t\t\t\t\t\t<span class=\"elementor-screen-only\">Facebook<\/span>\n\t\t\t\t\t\t<i aria-hidden=\"true\" class=\"fab fa-facebook\"><\/i>\t\t\t\t\t<\/a>\n\t\t\t\t<\/span>\n\t\t\t\t\t<\/div>\n\t\t\t\t\t\t<\/div>\n\t\t\t\t<\/div>\n\t\t\t\t\t<\/div>\n\t\t<\/div>\n\t\t\t\t\t<\/div>\n\t\t<\/section>\n\t\t\t\t<\/div>\n\t\t","protected":false},"excerpt":{"rendered":"<p>7 dagars \u00f6ppet k\u00f6p &amp; 3 m\u00e5naders garanti Facebook<\/p>\n","protected":false},"author":1,"featured_media":0,"parent":0,"menu_order":0,"comment_status":"closed","ping_status":"closed","template":"","meta":{"neve_meta_sidebar":"full-width","neve_meta_container":"","neve_meta_enable_content_width":"on","neve_meta_content_width":100,"neve_meta_title_alignment":"","neve_meta_author_avatar":"","neve_post_elements_order":"","neve_meta_disable_header":"","neve_meta_disable_footer":"","neve_meta_disable_title":"","footnotes":""},"class_list":["post-107","page","type-page","status-publish","hentry"],"yoast_head":"<!-- This site is optimized with the Yoast SEO plugin v26.4 - https:\/\/yoast.com\/wordpress\/plugins\/seo\/ -->\n<title>Garantier p\u00e5 bilskroteniwarberg.se<\/title>\n<meta name=\"robots\" content=\"index, follow, max-snippet:-1, max-image-preview:large, max-video-preview:-1\" \/>\n<link rel=\"canonical\" href=\"https:\/\/bilskroteniwarberg.se\/?page_id=107\" \/>\n<meta property=\"og:locale\" content=\"sv_SE\" \/>\n<meta property=\"og:type\" content=\"article\" \/>\n<meta property=\"og:title\" content=\"Garantier p\u00e5 bilskroteniwarberg.se\" \/>\n<meta property=\"og:description\" content=\"7 dagars \u00f6ppet k\u00f6p &amp; 3 m\u00e5naders garanti Facebook\" \/>\n<meta property=\"og:url\" content=\"https:\/\/bilskroteniwarberg.se\/?page_id=107\" \/>\n<meta property=\"og:site_name\" content=\"Bilskroten I Warberg\" \/>\n<meta property=\"article:publisher\" content=\"https:\/\/www.facebook.com\/Bilskroten-i-Varberg-805650976273021\" \/>\n<meta property=\"article:modified_time\" content=\"2020-09-15T20:59:04+00:00\" \/>\n<meta name=\"twitter:card\" content=\"summary_large_image\" \/>\n<script type=\"application\/ld+json\" class=\"yoast-schema-graph\">{\"@context\":\"https:\/\/schema.org\",\"@graph\":[{\"@type\":\"WebPage\",\"@id\":\"https:\/\/bilskroteniwarberg.se\/?page_id=107\",\"url\":\"https:\/\/bilskroteniwarberg.se\/?page_id=107\",\"name\":\"Garantier p\u00e5 bilskroteniwarberg.se\",\"isPartOf\":{\"@id\":\"https:\/\/bilskroteniwarberg.se\/#website\"},\"datePublished\":\"2020-08-03T17:41:54+00:00\",\"dateModified\":\"2020-09-15T20:59:04+00:00\",\"breadcrumb\":{\"@id\":\"https:\/\/bilskroteniwarberg.se\/?page_id=107#breadcrumb\"},\"inLanguage\":\"sv-SE\",\"potentialAction\":[{\"@type\":\"ReadAction\",\"target\":[\"https:\/\/bilskroteniwarberg.se\/?page_id=107\"]}]},{\"@type\":\"BreadcrumbList\",\"@id\":\"https:\/\/bilskroteniwarberg.se\/?page_id=107#breadcrumb\",\"itemListElement\":[{\"@type\":\"ListItem\",\"position\":1,\"name\":\"Hem\",\"item\":\"https:\/\/bilskroteniwarberg.se\/\"},{\"@type\":\"ListItem\",\"position\":2,\"name\":\"Garantier\"}]},{\"@type\":\"WebSite\",\"@id\":\"https:\/\/bilskroteniwarberg.se\/#website\",\"url\":\"https:\/\/bilskroteniwarberg.se\/\",\"name\":\"Bilskroten I Warberg\",\"description\":\"Begagnat f\u00f6re nytt\",\"publisher\":{\"@id\":\"https:\/\/bilskroteniwarberg.se\/#organization\"},\"potentialAction\":[{\"@type\":\"SearchAction\",\"target\":{\"@type\":\"EntryPoint\",\"urlTemplate\":\"https:\/\/bilskroteniwarberg.se\/?s={search_term_string}\"},\"query-input\":{\"@type\":\"PropertyValueSpecification\",\"valueRequired\":true,\"valueName\":\"search_term_string\"}}],\"inLanguage\":\"sv-SE\"},{\"@type\":\"Organization\",\"@id\":\"https:\/\/bilskroteniwarberg.se\/#organization\",\"name\":\"Bilskroten I Warberg\",\"url\":\"https:\/\/bilskroteniwarberg.se\/\",\"logo\":{\"@type\":\"ImageObject\",\"inLanguage\":\"sv-SE\",\"@id\":\"https:\/\/bilskroteniwarberg.se\/#\/schema\/logo\/image\/\",\"url\":\"https:\/\/bilskroteniwarberg.se\/wp-content\/uploads\/2020\/09\/cropped-Bilskroten-i-Warberg-2.png\",\"contentUrl\":\"https:\/\/bilskroteniwarberg.se\/wp-content\/uploads\/2020\/09\/cropped-Bilskroten-i-Warberg-2.png\",\"width\":432,\"height\":425,\"caption\":\"Bilskroten I Warberg\"},\"image\":{\"@id\":\"https:\/\/bilskroteniwarberg.se\/#\/schema\/logo\/image\/\"},\"sameAs\":[\"https:\/\/www.facebook.com\/Bilskroten-i-Varberg-805650976273021\"]}]}<\/script>\n<!-- \/ Yoast SEO plugin. -->","yoast_head_json":{"title":"Garantier p\u00e5 bilskroteniwarberg.se","robots":{"index":"index","follow":"follow","max-snippet":"max-snippet:-1","max-image-preview":"max-image-preview:large","max-video-preview":"max-video-preview:-1"},"canonical":"https:\/\/bilskroteniwarberg.se\/?page_id=107","og_locale":"sv_SE","og_type":"article","og_title":"Garantier p\u00e5 bilskroteniwarberg.se","og_description":"7 dagars \u00f6ppet k\u00f6p &amp; 3 m\u00e5naders garanti Facebook","og_url":"https:\/\/bilskroteniwarberg.se\/?page_id=107","og_site_name":"Bilskroten I Warberg","article_publisher":"https:\/\/www.facebook.com\/Bilskroten-i-Varberg-805650976273021","article_modified_time":"2020-09-15T20:59:04+00:00","twitter_card":"summary_large_image","schema":{"@context":"https:\/\/schema.org","@graph":[{"@type":"WebPage","@id":"https:\/\/bilskroteniwarberg.se\/?page_id=107","url":"https:\/\/bilskroteniwarberg.se\/?page_id=107","name":"Garantier p\u00e5 bilskroteniwarberg.se","isPartOf":{"@id":"https:\/\/bilskroteniwarberg.se\/#website"},"datePublished":"2020-08-03T17:41:54+00:00","dateModified":"2020-09-15T20:59:04+00:00","breadcrumb":{"@id":"https:\/\/bilskroteniwarberg.se\/?page_id=107#breadcrumb"},"inLanguage":"sv-SE","potentialAction":[{"@type":"ReadAction","target":["https:\/\/bilskroteniwarberg.se\/?page_id=107"]}]},{"@type":"BreadcrumbList","@id":"https:\/\/bilskroteniwarberg.se\/?page_id=107#breadcrumb","itemListElement":[{"@type":"ListItem","position":1,"name":"Hem","item":"https:\/\/bilskroteniwarberg.se\/"},{"@type":"ListItem","position":2,"name":"Garantier"}]},{"@type":"WebSite","@id":"https:\/\/bilskroteniwarberg.se\/#website","url":"https:\/\/bilskroteniwarberg.se\/","name":"Bilskroten I Warberg","description":"Begagnat f\u00f6re nytt","publisher":{"@id":"https:\/\/bilskroteniwarberg.se\/#organization"},"potentialAction":[{"@type":"SearchAction","target":{"@type":"EntryPoint","urlTemplate":"https:\/\/bilskroteniwarberg.se\/?s={search_term_string}"},"query-input":{"@type":"PropertyValueSpecification","valueRequired":true,"valueName":"search_term_string"}}],"inLanguage":"sv-SE"},{"@type":"Organization","@id":"https:\/\/bilskroteniwarberg.se\/#organization","name":"Bilskroten I Warberg","url":"https:\/\/bilskroteniwarberg.se\/","logo":{"@type":"ImageObject","inLanguage":"sv-SE","@id":"https:\/\/bilskroteniwarberg.se\/#\/schema\/logo\/image\/","url":"https:\/\/bilskroteniwarberg.se\/wp-content\/uploads\/2020\/09\/cropped-Bilskroten-i-Warberg-2.png","contentUrl":"https:\/\/bilskroteniwarberg.se\/wp-content\/uploads\/2020\/09\/cropped-Bilskroten-i-Warberg-2.png","width":432,"height":425,"caption":"Bilskroten I Warberg"},"image":{"@id":"https:\/\/bilskroteniwarberg.se\/#\/schema\/logo\/image\/"},"sameAs":["https:\/\/www.facebook.com\/Bilskroten-i-Varberg-805650976273021"]}]}},"jetpack_sharing_enabled":true,"_links":{"self":[{"href":"https:\/\/bilskroteniwarberg.se\/index.php?rest_route=\/wp\/v2\/pages\/107","targetHints":{"allow":["GET"]}}],"collection":[{"href":"https:\/\/bilskroteniwarberg.se\/index.php?rest_route=\/wp\/v2\/pages"}],"about":[{"href":"https:\/\/bilskroteniwarberg.se\/index.php?rest_route=\/wp\/v2\/types\/page"}],"author":[{"embeddable":true,"href":"https:\/\/bilskroteniwarberg.se\/index.php?rest_route=\/wp\/v2\/users\/1"}],"replies":[{"embeddable":true,"href":"https:\/\/bilskroteniwarberg.se\/index.php?rest_route=%2Fwp%2Fv2%2Fcomments&post=107"}],"version-history":[{"count":4,"href":"https:\/\/bilskroteniwarberg.se\/index.php?rest_route=\/wp\/v2\/pages\/107\/revisions"}],"predecessor-version":[{"id":205,"href":"https:\/\/bilskroteniwarberg.se\/index.php?rest_route=\/wp\/v2\/pages\/107\/revisions\/205"}],"wp:attachment":[{"href":"https:\/\/bilskroteniwarberg.se\/index.php?rest_route=%2Fwp%2Fv2%2Fmedia&parent=107"}],"curies":[{"name":"wp","href":"https:\/\/api.w.org\/{rel}","templated":true}]}}